{"id":32184,"date":"2019-08-06T18:43:41","date_gmt":"2019-08-06T16:43:41","guid":{"rendered":"https:\/\/dokdoc.eu\/?page_id=32184"},"modified":"2026-04-02T11:56:00","modified_gmt":"2026-04-02T09:56:00","slug":"a-propos-de-nous","status":"publish","type":"page","link":"https:\/\/dokdoc.eu\/fr\/a-propos-de-nous\/","title":{"rendered":"Qui sommes-nous ?"},"content":{"rendered":"<h1 class=\"tm7\"><strong><span class=\"tm8\">Qui sommes-nous ?<\/span><\/strong><\/h1>\n<figure id=\"attachment_32434\" aria-describedby=\"caption-attachment-32434\" style=\"width: 2560px\" class=\"wp-caption aligncenter\"><img fetchpriority=\"high\" decoding=\"async\" class=\"wp-image-32434 size-full\" src=\"https:\/\/dokdoc.eu\/wp-content\/uploads\/2026\/03\/Depositphotos_751197294_XL-zuschnitt-scaled.jpg\" alt=\"\" width=\"2560\" height=\"963\" srcset=\"https:\/\/dokdoc.eu\/wp-content\/uploads\/2026\/03\/Depositphotos_751197294_XL-zuschnitt-scaled.jpg 2560w, https:\/\/dokdoc.eu\/wp-content\/uploads\/2026\/03\/Depositphotos_751197294_XL-zuschnitt-300x113.jpg 300w, https:\/\/dokdoc.eu\/wp-content\/uploads\/2026\/03\/Depositphotos_751197294_XL-zuschnitt-1024x385.jpg 1024w, https:\/\/dokdoc.eu\/wp-content\/uploads\/2026\/03\/Depositphotos_751197294_XL-zuschnitt-768x289.jpg 768w, https:\/\/dokdoc.eu\/wp-content\/uploads\/2026\/03\/Depositphotos_751197294_XL-zuschnitt-1536x578.jpg 1536w, https:\/\/dokdoc.eu\/wp-content\/uploads\/2026\/03\/Depositphotos_751197294_XL-zuschnitt-2048x770.jpg 2048w\" sizes=\"(max-width: 2560px) 100vw, 2560px\" \/><figcaption id=\"caption-attachment-32434\" class=\"wp-caption-text\">Copyright: Depositphotos<\/figcaption><\/figure>\n<p class=\"tm7\"><span class=\"tm9\"><strong>dokdoc.eu<\/strong> poursuit le travail de la revue Dokumente\/Documents, qui, de 1945 \u00e0 2018, a inform\u00e9 sur la France en allemand et sur l\u2019Allemagne en fran\u00e7ais. Depuis le <strong>23 septembre 2019<\/strong>, dokdoc.eu est exclusivement accessible en ligne, depuis tous les appareils et sans paywall. Nos publications apportent des \u00e9clairages sur l\u2019actualit\u00e9 des deux pays, en fran\u00e7ais et en allemand, de mani\u00e8re compl\u00e9mentaire aux m\u00e9dias, blogs et autres sources d\u2019information.<\/span><\/p>\n<p class=\"tm7\"><strong><span class=\"tm8\">\u00a0<\/span><\/strong><\/p>\n<h2 class=\"tm7\"><strong><span class=\"tm8\">Notre mission<\/span><\/strong><\/h2>\n<p class=\"tm7\"><span class=\"tm9\">dokdoc.eu est une plateforme d\u2019<strong>\u00e9change ouverte et critique<\/strong> sur des sujets d\u2019int\u00e9r\u00eat commun, aux niveaux bilat\u00e9ral, europ\u00e9en et international. Notre objectif est de <strong>fournir des informations susceptibles de contribuer \u00e0 la prise de d\u00e9cision<\/strong>, dans une perspective s\u2019inscrivant dans le temps long, et de participer ainsi activement \u00e0 la construction de l\u2019avenir.<\/span><\/p>\n<p class=\"tm7\"><strong><span class=\"tm8\">\u00a0<\/span><\/strong><\/p>\n<h2 class=\"tm7\"><strong><span class=\"tm8\">Notre histoire<\/span><\/strong><\/h2>\n<p class=\"tm7\"><span class=\"tm9\">Notre revue s\u2019inscrit dans la tradition de <a href=\"https:\/\/www.dokumente-documents.info\/startseite\">Dokumente\/Documents<\/a> et propose des contenus \u00e0 un public germanophone et francophone. La publication bilingue cr\u00e9e un espace de dialogue entre les deux pays et favorise la compr\u00e9hension mutuelle. Depuis le 1er janvier 2026, dokdoc.eu est port\u00e9 par l\u2019<a href=\"https:\/\/www.gsi-bonn.de\/\"><strong>Institut Gustav Stresemann de Bonn<\/strong><\/a>.<\/span><\/p>\n<p class=\"tm7\"><strong><span class=\"tm8\">\u00a0<\/span><\/strong><\/p>\n<h2 class=\"tm7\"><strong><span class=\"tm8\">Axes th\u00e9matiques<\/span><\/strong><span class=\"tm9\"><br \/>\n<\/span><\/h2>\n<p class=\"tm7\"><span class=\"tm9\">dokdoc.eu couvre un large \u00e9ventail de sujets : <strong>politique, relations internationales, culture, \u00e9conomie, transformations sociales et tourisme<\/strong> en constituent les axes principaux. Nos articles consacr\u00e9s aux relations franco-allemandes sont traduits dans la langue du partenaire et refl\u00e8tent les perspectives des deux pays. L\u2019extension de domaine .eu souligne notre <strong>attachement au projet europ\u00e9en<\/strong>.<\/span><\/p>\n<p class=\"tm7\"><span class=\"tm9\">\u00a0<\/span><\/p>\n<h2 class=\"tm7\"><strong><span class=\"tm8\">Notre \u00e9quipe franco-allemande<\/span><\/strong><span class=\"tm9\"><br \/>\n<\/span><\/h2>\n<p class=\"tm7\"><span class=\"tm9\"><strong>Landry Charrier<\/strong> est dipl\u00f4m\u00e9 du Coll\u00e8ge des hautes \u00e9tudes de l\u2019Institut diplomatique \u00e0 Paris, membre de l\u2019unit\u00e9 de recherche SIRICE du CNRS \u00e0 Sorbonne Universit\u00e9 et Associate Fellow au Center for Advanced Security, Strategic and Integration Studies de l\u2019Universit\u00e9 rh\u00e9nane Friedrich-Wilhelms de Bonn. Il est <strong>co-producteur du podcast <\/strong><\/span><strong><em><span class=\"tm10\">Franko-viel<\/span><\/em><\/strong><span class=\"tm9\"> et <strong>r\u00e9dacteur en chef de dokdoc.eu<\/strong> depuis mars 2023.<\/span><\/p>\n<p class=\"tm7\"><span class=\"tm9\"><strong>Hannah M\u00fcller<\/strong> a effectu\u00e9 un service civique au Goethe-Institut de Lille et a suivi un cursus en \u00e9tudes europ\u00e9ennes (mention France\/Allemagne) aux universit\u00e9s de Paderborn et du Mans. En master, elle s\u2019est sp\u00e9cialis\u00e9e en communication et \u00e9ducation interculturelles \u00e0 l\u2019Universit\u00e9 de Cologne. Forte de ce parcours, elle apporte son expertise \u00e0 la r\u00e9daction de dokdoc.eu.<\/span><\/p>\n<p class=\"tm7\"><span class=\"tm9\">Le projet est plac\u00e9 sous la responsabilit\u00e9 de <strong>Daniel Weber<\/strong>, responsable du d\u00e9partement \u00c9ducation politique \u00e0 l\u2019Institut Gustav Stresemann de Bonn. L\u2019accompagnement administratif est assur\u00e9 par <strong>Reka Regn<\/strong> et <strong>Marion Thieme<\/strong>.<\/span><\/p>\n<p class=\"tm7\"><strong><span class=\"tm8\">\u00a0<\/span><\/strong><\/p>\n<figure id=\"attachment_32438\" aria-describedby=\"caption-attachment-32438\" style=\"width: 2560px\" class=\"wp-caption aligncenter\"><img decoding=\"async\" class=\"wp-image-32438 size-full\" src=\"https:\/\/dokdoc.eu\/wp-content\/uploads\/2026\/03\/Depositphotos_210426886_XL-zuschnitt-1-scaled.jpg\" alt=\"\" width=\"2560\" height=\"936\" srcset=\"https:\/\/dokdoc.eu\/wp-content\/uploads\/2026\/03\/Depositphotos_210426886_XL-zuschnitt-1-scaled.jpg 2560w, https:\/\/dokdoc.eu\/wp-content\/uploads\/2026\/03\/Depositphotos_210426886_XL-zuschnitt-1-300x110.jpg 300w, https:\/\/dokdoc.eu\/wp-content\/uploads\/2026\/03\/Depositphotos_210426886_XL-zuschnitt-1-1024x375.jpg 1024w, https:\/\/dokdoc.eu\/wp-content\/uploads\/2026\/03\/Depositphotos_210426886_XL-zuschnitt-1-768x281.jpg 768w, https:\/\/dokdoc.eu\/wp-content\/uploads\/2026\/03\/Depositphotos_210426886_XL-zuschnitt-1-1536x562.jpg 1536w, https:\/\/dokdoc.eu\/wp-content\/uploads\/2026\/03\/Depositphotos_210426886_XL-zuschnitt-1-2048x749.jpg 2048w\" sizes=\"(max-width: 2560px) 100vw, 2560px\" \/><figcaption id=\"caption-attachment-32438\" class=\"wp-caption-text\">Copyright: Depositphotos<\/figcaption><\/figure>\n<p>&nbsp;<\/p>\n<h2 class=\"tm7\"><strong><span class=\"tm8\">Newsletter &amp; archives<\/span><\/strong><span class=\"tm9\"><br \/>\n<\/span><\/h2>\n<p class=\"tm7\"><span class=\"tm9\">La <strong>newsletter de dokdoc<\/strong> informe chaque semaine, gratuitement, des nouvelles publications.<\/span><\/p>\n<p class=\"tm7\"><span class=\"tm9\">De nombreux articles de la revue sont archiv\u00e9s sur le <a href=\"https:\/\/www.dokumente-documents.info\/startseite\">site d\u00e9di\u00e9<\/a>. Dans la rubrique \u00ab Num\u00e9ro \u00bb, une s\u00e9lection d\u2019articles des revues <\/span><em><span class=\"tm10\">Dokumente\/Documents<\/span><\/em><span class=\"tm9\"> (2010\u20132018), <\/span><em><span class=\"tm10\">Dokumente<\/span><\/em><span class=\"tm9\"> (1945\u20132009) et <\/span><em><span class=\"tm10\">Documents<\/span><\/em><span class=\"tm9\"> (1945\u20132009), couvrant l\u2019ensemble des ann\u00e9es de publication, est accessible gratuitement. Les dossiers th\u00e9matiques ainsi que les index annuels, la chronologie et les comptes rendus de lecture y sont pr\u00e9sent\u00e9s s\u00e9par\u00e9ment.<\/span><\/p>\n<p class=\"tm7\"><strong><span class=\"tm8\">\u00a0<\/span><\/strong><\/p>\n<h2 class=\"tm7\"><strong><span class=\"tm8\">Ce qui nous distingue<\/span><\/strong><\/h2>\n<ul>\n<li class=\"tm7\"><span class=\"tm9\"><strong>En ligne<\/strong>, sans paywall et accessible depuis tous les appareils<\/span><\/li>\n<li class=\"tm7\"><span class=\"tm9\"><strong>Bilingue<\/strong> \u2013 des traductions pour faciliter la compr\u00e9hension mutuelle<\/span><\/li>\n<li class=\"tm7\"><span class=\"tm9\"><strong>Compl\u00e9mentaire<\/strong> \u2013 des contenus analytiques en compl\u00e9ment des m\u00e9dias traditionnels et des blogs<\/span><\/li>\n<li class=\"tm7\"><span class=\"tm9\"><strong>Perspective europ\u00e9enne<\/strong> \u2013 le domaine .eu refl\u00e8te notre attachement \u00e0 l\u2019Europe<\/span><\/li>\n<li class=\"tm7\"><span class=\"tm9\"><strong>Archives<\/strong> \u2013 un aper\u00e7u de notre travail depuis la fondation de la revue en 1945<\/span><\/li>\n<\/ul>\n<p class=\"tm7\"><strong><span class=\"tm8\">\u00a0<\/span><\/strong><\/p>\n<h2 class=\"tm7\"><strong><span class=\"tm8\">Nous contacter<\/span><\/strong><span class=\"tm9\"><br \/>\n<\/span><\/h2>\n<p class=\"tm7\"><span class=\"tm9\">Pour toute question, proposition de coop\u00e9ration ou remarque, vous pouvez nous joindre \u00e0 l\u2019adresse suivante : <a href=\"mailto:redaktion@dokdoc.eu\">redaktion@dokdoc.eu<\/a>.<\/span><\/p>\n<p class=\"tm7\"><strong><span class=\"tm8\">\u00a0<\/span><\/strong><\/p>\n<h2 class=\"tm7\"><strong><span class=\"tm8\">Soutien<\/span><\/strong><span class=\"tm9\"><br \/>\n<\/span><\/h2>\n<p class=\"tm7\"><span class=\"tm9\">Nous b\u00e9n\u00e9ficions du soutien du minist\u00e8re f\u00e9d\u00e9ral des Affaires \u00e9trang\u00e8res allemand.<\/span><\/p>\n<p><img decoding=\"async\" class=\"alignleft size-medium wp-image-26971\" src=\"https:\/\/dokdoc.eu\/wp-content\/uploads\/2023\/12\/Auswaertiges_Amt_Logo.svg_-e1702293407250-300x176.png\" alt=\"\" width=\"300\" height=\"176\" srcset=\"https:\/\/dokdoc.eu\/wp-content\/uploads\/2023\/12\/Auswaertiges_Amt_Logo.svg_-e1702293407250-300x176.png 300w, https:\/\/dokdoc.eu\/wp-content\/uploads\/2023\/12\/Auswaertiges_Amt_Logo.svg_-e1702293407250-1024x601.png 1024w, https:\/\/dokdoc.eu\/wp-content\/uploads\/2023\/12\/Auswaertiges_Amt_Logo.svg_-e1702293407250-768x451.png 768w, https:\/\/dokdoc.eu\/wp-content\/uploads\/2023\/12\/Auswaertiges_Amt_Logo.svg_-e1702293407250-1536x902.png 1536w, https:\/\/dokdoc.eu\/wp-content\/uploads\/2023\/12\/Auswaertiges_Amt_Logo.svg_-e1702293407250.png 1924w\" sizes=\"(max-width: 300px) 100vw, 300px\" \/><\/p>\n<p>&nbsp;<\/p>\n<p>&nbsp;<\/p>\n<p>&nbsp;<\/p>\n<p>&nbsp;<\/p>\n<p>&nbsp;<\/p>\n<p>&nbsp;<\/p>\n<p class=\"tm7\"><span class=\"tm9\">Vous appr\u00e9ciez nos articles et souhaitez faire un don\u00a0? Rien de plus simple via <\/span><u><a href=\"https:\/\/www.paypal.com\/donate\/?hosted_button_id=KZDLK6DXDWZ9N\"><span class=\"tm9\">notre page d\u00e9di\u00e9e<\/span><\/a><\/u><span class=\"tm9\">.<\/span><\/p>\n<p class=\"Normal\">\n","protected":false},"excerpt":{"rendered":"<p>Qui sommes-nous ? dokdoc.eu poursuit le travail de la revue Dokumente\/Documents, qui, de 1945 \u00e0 2018, a inform\u00e9 sur la France en allemand et sur l\u2019Allemagne en fran\u00e7ais. Depuis le 23 septembre 2019, dokdoc.eu est exclusivement accessible en ligne, depuis tous les appareils et sans paywall. Nos publications apportent des \u00e9clairages sur l\u2019actualit\u00e9 des deux [&hellip;]<\/p>\n","protected":false},"author":10,"featured_media":0,"parent":0,"menu_order":0,"comment_status":"closed","ping_status":"closed","template":"","meta":{"om_disable_all_campaigns":false,"_monsterinsights_skip_tracking":false,"_monsterinsights_sitenote_active":false,"_monsterinsights_sitenote_note":"","_monsterinsights_sitenote_category":0,"_uf_show_specific_survey":0,"_uf_disable_surveys":false,"footnotes":""},"class_list":["post-32184","page","type-page","status-publish","hentry"],"yoast_head":"<!-- This site is optimized with the Yoast SEO plugin v27.4 - https:\/\/yoast.com\/product\/yoast-seo-wordpress\/ -->\n<title>Qui sommes-nous ? - dokdoc.eu<\/title>\n<meta name=\"robots\" content=\"index, follow, max-snippet:-1, max-image-preview:large, max-video-preview:-1\" \/>\n<link rel=\"canonical\" href=\"https:\/\/dokdoc.eu\/fr\/a-propos-de-nous\/\" \/>\n<meta property=\"og:locale\" content=\"fr_FR\" \/>\n<meta property=\"og:type\" content=\"article\" \/>\n<meta property=\"og:title\" content=\"Qui sommes-nous ? - dokdoc.eu\" \/>\n<meta property=\"og:description\" content=\"Qui sommes-nous ? dokdoc.eu poursuit le travail de la revue Dokumente\/Documents, qui, de 1945 \u00e0 2018, a inform\u00e9 sur la France en allemand et sur l\u2019Allemagne en fran\u00e7ais. Depuis le 23 septembre 2019, dokdoc.eu est exclusivement accessible en ligne, depuis tous les appareils et sans paywall. Nos publications apportent des \u00e9clairages sur l\u2019actualit\u00e9 des deux [&hellip;]\" \/>\n<meta property=\"og:url\" content=\"https:\/\/dokdoc.eu\/fr\/a-propos-de-nous\/\" \/>\n<meta property=\"og:site_name\" content=\"dokdoc.eu\" \/>\n<meta property=\"article:modified_time\" content=\"2026-04-02T09:56:00+00:00\" \/>\n<meta property=\"og:image\" content=\"https:\/\/dokdoc.eu\/wp-content\/uploads\/2026\/03\/Depositphotos_751197294_XL-zuschnitt-scaled.jpg\" \/>\n\t<meta property=\"og:image:width\" content=\"2560\" \/>\n\t<meta property=\"og:image:height\" content=\"963\" \/>\n\t<meta property=\"og:image:type\" content=\"image\/jpeg\" \/>\n<meta name=\"twitter:card\" content=\"summary_large_image\" \/>\n<meta name=\"twitter:label1\" content=\"Dur\u00e9e de lecture estim\u00e9e\" \/>\n\t<meta name=\"twitter:data1\" content=\"4 minutes\" \/>\n<script type=\"application\/ld+json\" class=\"yoast-schema-graph\">{\"@context\":\"https:\\\/\\\/schema.org\",\"@graph\":[{\"@type\":\"WebPage\",\"@id\":\"https:\\\/\\\/dokdoc.eu\\\/fr\\\/a-propos-de-nous\\\/\",\"url\":\"https:\\\/\\\/dokdoc.eu\\\/fr\\\/a-propos-de-nous\\\/\",\"name\":\"Qui sommes-nous ? - dokdoc.eu\",\"isPartOf\":{\"@id\":\"https:\\\/\\\/dokdoc.eu\\\/fr\\\/#website\"},\"primaryImageOfPage\":{\"@id\":\"https:\\\/\\\/dokdoc.eu\\\/fr\\\/a-propos-de-nous\\\/#primaryimage\"},\"image\":{\"@id\":\"https:\\\/\\\/dokdoc.eu\\\/fr\\\/a-propos-de-nous\\\/#primaryimage\"},\"thumbnailUrl\":\"https:\\\/\\\/dokdoc.eu\\\/wp-content\\\/uploads\\\/2026\\\/03\\\/Depositphotos_751197294_XL-zuschnitt-scaled.jpg\",\"datePublished\":\"2019-08-06T16:43:41+00:00\",\"dateModified\":\"2026-04-02T09:56:00+00:00\",\"breadcrumb\":{\"@id\":\"https:\\\/\\\/dokdoc.eu\\\/fr\\\/a-propos-de-nous\\\/#breadcrumb\"},\"inLanguage\":\"fr-FR\",\"potentialAction\":[{\"@type\":\"ReadAction\",\"target\":[\"https:\\\/\\\/dokdoc.eu\\\/fr\\\/a-propos-de-nous\\\/\"]}]},{\"@type\":\"ImageObject\",\"inLanguage\":\"fr-FR\",\"@id\":\"https:\\\/\\\/dokdoc.eu\\\/fr\\\/a-propos-de-nous\\\/#primaryimage\",\"url\":\"https:\\\/\\\/dokdoc.eu\\\/wp-content\\\/uploads\\\/2026\\\/03\\\/Depositphotos_751197294_XL-zuschnitt-scaled.jpg\",\"contentUrl\":\"https:\\\/\\\/dokdoc.eu\\\/wp-content\\\/uploads\\\/2026\\\/03\\\/Depositphotos_751197294_XL-zuschnitt-scaled.jpg\"},{\"@type\":\"BreadcrumbList\",\"@id\":\"https:\\\/\\\/dokdoc.eu\\\/fr\\\/a-propos-de-nous\\\/#breadcrumb\",\"itemListElement\":[{\"@type\":\"ListItem\",\"position\":1,\"name\":\"Startseite\",\"item\":\"https:\\\/\\\/dokdoc.eu\\\/fr\\\/\"},{\"@type\":\"ListItem\",\"position\":2,\"name\":\"Qui sommes-nous ?\"}]},{\"@type\":\"WebSite\",\"@id\":\"https:\\\/\\\/dokdoc.eu\\\/fr\\\/#website\",\"url\":\"https:\\\/\\\/dokdoc.eu\\\/fr\\\/\",\"name\":\"dokdoc.eu\",\"description\":\"\",\"publisher\":{\"@id\":\"https:\\\/\\\/dokdoc.eu\\\/fr\\\/#organization\"},\"potentialAction\":[{\"@type\":\"SearchAction\",\"target\":{\"@type\":\"EntryPoint\",\"urlTemplate\":\"https:\\\/\\\/dokdoc.eu\\\/fr\\\/?s={search_term_string}\"},\"query-input\":{\"@type\":\"PropertyValueSpecification\",\"valueRequired\":true,\"valueName\":\"search_term_string\"}}],\"inLanguage\":\"fr-FR\"},{\"@type\":\"Organization\",\"@id\":\"https:\\\/\\\/dokdoc.eu\\\/fr\\\/#organization\",\"name\":\"dokdoc.eu\",\"url\":\"https:\\\/\\\/dokdoc.eu\\\/fr\\\/\",\"logo\":{\"@type\":\"ImageObject\",\"inLanguage\":\"fr-FR\",\"@id\":\"https:\\\/\\\/dokdoc.eu\\\/fr\\\/#\\\/schema\\\/logo\\\/image\\\/\",\"url\":\"https:\\\/\\\/dokdoc.eu\\\/wp-content\\\/uploads\\\/2019\\\/08\\\/cropped-logo_dokdoc-e1720795013301.png\",\"contentUrl\":\"https:\\\/\\\/dokdoc.eu\\\/wp-content\\\/uploads\\\/2019\\\/08\\\/cropped-logo_dokdoc-e1720795013301.png\",\"width\":150,\"height\":110,\"caption\":\"dokdoc.eu\"},\"image\":{\"@id\":\"https:\\\/\\\/dokdoc.eu\\\/fr\\\/#\\\/schema\\\/logo\\\/image\\\/\"}}]}<\/script>\n<!-- \/ Yoast SEO plugin. -->","yoast_head_json":{"title":"Qui sommes-nous ? - dokdoc.eu","robots":{"index":"index","follow":"follow","max-snippet":"max-snippet:-1","max-image-preview":"max-image-preview:large","max-video-preview":"max-video-preview:-1"},"canonical":"https:\/\/dokdoc.eu\/fr\/a-propos-de-nous\/","og_locale":"fr_FR","og_type":"article","og_title":"Qui sommes-nous ? - dokdoc.eu","og_description":"Qui sommes-nous ? dokdoc.eu poursuit le travail de la revue Dokumente\/Documents, qui, de 1945 \u00e0 2018, a inform\u00e9 sur la France en allemand et sur l\u2019Allemagne en fran\u00e7ais. Depuis le 23 septembre 2019, dokdoc.eu est exclusivement accessible en ligne, depuis tous les appareils et sans paywall. Nos publications apportent des \u00e9clairages sur l\u2019actualit\u00e9 des deux [&hellip;]","og_url":"https:\/\/dokdoc.eu\/fr\/a-propos-de-nous\/","og_site_name":"dokdoc.eu","article_modified_time":"2026-04-02T09:56:00+00:00","og_image":[{"width":2560,"height":963,"url":"https:\/\/dokdoc.eu\/wp-content\/uploads\/2026\/03\/Depositphotos_751197294_XL-zuschnitt-scaled.jpg","type":"image\/jpeg"}],"twitter_card":"summary_large_image","twitter_misc":{"Dur\u00e9e de lecture estim\u00e9e":"4 minutes"},"schema":{"@context":"https:\/\/schema.org","@graph":[{"@type":"WebPage","@id":"https:\/\/dokdoc.eu\/fr\/a-propos-de-nous\/","url":"https:\/\/dokdoc.eu\/fr\/a-propos-de-nous\/","name":"Qui sommes-nous ? - dokdoc.eu","isPartOf":{"@id":"https:\/\/dokdoc.eu\/fr\/#website"},"primaryImageOfPage":{"@id":"https:\/\/dokdoc.eu\/fr\/a-propos-de-nous\/#primaryimage"},"image":{"@id":"https:\/\/dokdoc.eu\/fr\/a-propos-de-nous\/#primaryimage"},"thumbnailUrl":"https:\/\/dokdoc.eu\/wp-content\/uploads\/2026\/03\/Depositphotos_751197294_XL-zuschnitt-scaled.jpg","datePublished":"2019-08-06T16:43:41+00:00","dateModified":"2026-04-02T09:56:00+00:00","breadcrumb":{"@id":"https:\/\/dokdoc.eu\/fr\/a-propos-de-nous\/#breadcrumb"},"inLanguage":"fr-FR","potentialAction":[{"@type":"ReadAction","target":["https:\/\/dokdoc.eu\/fr\/a-propos-de-nous\/"]}]},{"@type":"ImageObject","inLanguage":"fr-FR","@id":"https:\/\/dokdoc.eu\/fr\/a-propos-de-nous\/#primaryimage","url":"https:\/\/dokdoc.eu\/wp-content\/uploads\/2026\/03\/Depositphotos_751197294_XL-zuschnitt-scaled.jpg","contentUrl":"https:\/\/dokdoc.eu\/wp-content\/uploads\/2026\/03\/Depositphotos_751197294_XL-zuschnitt-scaled.jpg"},{"@type":"BreadcrumbList","@id":"https:\/\/dokdoc.eu\/fr\/a-propos-de-nous\/#breadcrumb","itemListElement":[{"@type":"ListItem","position":1,"name":"Startseite","item":"https:\/\/dokdoc.eu\/fr\/"},{"@type":"ListItem","position":2,"name":"Qui sommes-nous ?"}]},{"@type":"WebSite","@id":"https:\/\/dokdoc.eu\/fr\/#website","url":"https:\/\/dokdoc.eu\/fr\/","name":"dokdoc.eu","description":"","publisher":{"@id":"https:\/\/dokdoc.eu\/fr\/#organization"},"potentialAction":[{"@type":"SearchAction","target":{"@type":"EntryPoint","urlTemplate":"https:\/\/dokdoc.eu\/fr\/?s={search_term_string}"},"query-input":{"@type":"PropertyValueSpecification","valueRequired":true,"valueName":"search_term_string"}}],"inLanguage":"fr-FR"},{"@type":"Organization","@id":"https:\/\/dokdoc.eu\/fr\/#organization","name":"dokdoc.eu","url":"https:\/\/dokdoc.eu\/fr\/","logo":{"@type":"ImageObject","inLanguage":"fr-FR","@id":"https:\/\/dokdoc.eu\/fr\/#\/schema\/logo\/image\/","url":"https:\/\/dokdoc.eu\/wp-content\/uploads\/2019\/08\/cropped-logo_dokdoc-e1720795013301.png","contentUrl":"https:\/\/dokdoc.eu\/wp-content\/uploads\/2019\/08\/cropped-logo_dokdoc-e1720795013301.png","width":150,"height":110,"caption":"dokdoc.eu"},"image":{"@id":"https:\/\/dokdoc.eu\/fr\/#\/schema\/logo\/image\/"}}]}},"_links":{"self":[{"href":"https:\/\/dokdoc.eu\/fr\/wp-json\/wp\/v2\/pages\/32184","targetHints":{"allow":["GET"]}}],"collection":[{"href":"https:\/\/dokdoc.eu\/fr\/wp-json\/wp\/v2\/pages"}],"about":[{"href":"https:\/\/dokdoc.eu\/fr\/wp-json\/wp\/v2\/types\/page"}],"author":[{"embeddable":true,"href":"https:\/\/dokdoc.eu\/fr\/wp-json\/wp\/v2\/users\/10"}],"replies":[{"embeddable":true,"href":"https:\/\/dokdoc.eu\/fr\/wp-json\/wp\/v2\/comments?post=32184"}],"version-history":[{"count":5,"href":"https:\/\/dokdoc.eu\/fr\/wp-json\/wp\/v2\/pages\/32184\/revisions"}],"predecessor-version":[{"id":32575,"href":"https:\/\/dokdoc.eu\/fr\/wp-json\/wp\/v2\/pages\/32184\/revisions\/32575"}],"wp:attachment":[{"href":"https:\/\/dokdoc.eu\/fr\/wp-json\/wp\/v2\/media?parent=32184"}],"curies":[{"name":"wp","href":"https:\/\/api.w.org\/{rel}","templated":true}]}}